{"id":433,"date":"2022-02-08T10:42:59","date_gmt":"2022-02-08T10:42:59","guid":{"rendered":"https:\/\/fotokunsthof.de\/?page_id=433"},"modified":"2024-09-28T09:18:36","modified_gmt":"2024-09-28T09:18:36","slug":"lappland-2022","status":"publish","type":"page","link":"https:\/\/fotokunsthof.de\/?page_id=433","title":{"rendered":"Lappland 2022"},"content":{"rendered":"\n<h2 class=\"wp-block-heading has-text-align-center\" id=\"lappland-2022\">Lappland 2022<\/h2>\n\n\n\n<h2 class=\"wp-block-heading has-text-align-center\">Nachschlag<\/h2>\n\n\n<div class=\"wp-block-image\">\n<figure class=\"aligncenter size-medium\"><a href=\"https:\/\/fotokunsthof.de\/?page_id=600\"><img loading=\"lazy\" decoding=\"async\" width=\"300\" height=\"300\" src=\"https:\/\/fotokunsthof.de\/wp-content\/uploads\/2024\/07\/115BIL_2459-300x300.jpg\" alt=\"Letzter Blick auf Lappland\" class=\"wp-image-602\" srcset=\"https:\/\/fotokunsthof.de\/wp-content\/uploads\/2024\/07\/115BIL_2459-300x300.jpg 300w, https:\/\/fotokunsthof.de\/wp-content\/uploads\/2024\/07\/115BIL_2459-1024x1024.jpg 1024w, https:\/\/fotokunsthof.de\/wp-content\/uploads\/2024\/07\/115BIL_2459-150x150.jpg 150w, https:\/\/fotokunsthof.de\/wp-content\/uploads\/2024\/07\/115BIL_2459-768x768.jpg 768w\" sizes=\"auto, (max-width: 300px) 100vw, 300px\" \/><\/a><\/figure>\n<\/div>\n\n\n<p class=\"has-text-align-center\">Sommerh\u00e4uschen eines Elchfreundes<br>Letzter Blick auf Lappland<\/p>\n\n\n\n<h2 class=\"wp-block-heading has-text-align-center\">Fernsicht \u00fcber Lappland<\/h2>\n\n\n<div class=\"wp-block-image\">\n<figure class=\"aligncenter size-medium\"><a href=\"https:\/\/fotokunsthof.de\/?page_id=615\"><img loading=\"lazy\" decoding=\"async\" width=\"300\" height=\"300\" src=\"https:\/\/fotokunsthof.de\/wp-content\/uploads\/2024\/07\/115BIL_1757-300x300.jpg\" alt=\"Fernsicht \u00fcber Lappland\" class=\"wp-image-613\" srcset=\"https:\/\/fotokunsthof.de\/wp-content\/uploads\/2024\/07\/115BIL_1757-300x300.jpg 300w, https:\/\/fotokunsthof.de\/wp-content\/uploads\/2024\/07\/115BIL_1757-1024x1024.jpg 1024w, https:\/\/fotokunsthof.de\/wp-content\/uploads\/2024\/07\/115BIL_1757-150x150.jpg 150w, https:\/\/fotokunsthof.de\/wp-content\/uploads\/2024\/07\/115BIL_1757-768x768.jpg 768w\" sizes=\"auto, (max-width: 300px) 100vw, 300px\" \/><\/a><figcaption class=\"wp-element-caption\">Fernsicht \u00fcber Lappland<br><\/figcaption><\/figure>\n<\/div>\n\n\n<p class=\"has-text-align-center\">ein hoher Berg in der N\u00e4he von Arvidsjaur (Akkanalke) bietet eine gro\u00dfartige Sicht \u00fcber Lappland<\/p>\n\n\n\n<h2 class=\"wp-block-heading has-text-align-center\">Sami Dorf<\/h2>\n\n\n<div class=\"wp-block-image\">\n<figure class=\"aligncenter size-medium\"><a href=\"https:\/\/fotokunsthof.de\/?page_id=635\"><img loading=\"lazy\" decoding=\"async\" width=\"300\" height=\"300\" src=\"https:\/\/fotokunsthof.de\/wp-content\/uploads\/2024\/08\/115BIL_1968-300x300.jpg\" alt=\"\" class=\"wp-image-633\" srcset=\"https:\/\/fotokunsthof.de\/wp-content\/uploads\/2024\/08\/115BIL_1968-300x300.jpg 300w, https:\/\/fotokunsthof.de\/wp-content\/uploads\/2024\/08\/115BIL_1968-1024x1024.jpg 1024w, https:\/\/fotokunsthof.de\/wp-content\/uploads\/2024\/08\/115BIL_1968-150x150.jpg 150w, https:\/\/fotokunsthof.de\/wp-content\/uploads\/2024\/08\/115BIL_1968-768x768.jpg 768w\" sizes=\"auto, (max-width: 300px) 100vw, 300px\" \/><\/a><\/figure>\n<\/div>\n\n\n<p class=\"has-text-align-center\">Das Samidorf in Ammarn\u00e4s mit dem Potatisbacken (Kartoffelberg), auf dessen S\u00fcdseite winterharte Kartoffeln angebaut werden.<\/p>\n\n\n\n<h2 class=\"wp-block-heading has-text-align-center\">Abendstimmung am See<\/h2>\n\n\n<div class=\"wp-block-image\">\n<figure class=\"aligncenter size-medium\"><a href=\"https:\/\/fotokunsthof.de\/?page_id=643\"><img loading=\"lazy\" decoding=\"async\" width=\"300\" height=\"300\" src=\"https:\/\/fotokunsthof.de\/wp-content\/uploads\/2024\/08\/115DJI_0456-1-300x300.jpg\" alt=\"\" class=\"wp-image-641\" srcset=\"https:\/\/fotokunsthof.de\/wp-content\/uploads\/2024\/08\/115DJI_0456-1-300x300.jpg 300w, https:\/\/fotokunsthof.de\/wp-content\/uploads\/2024\/08\/115DJI_0456-1-1024x1024.jpg 1024w, https:\/\/fotokunsthof.de\/wp-content\/uploads\/2024\/08\/115DJI_0456-1-150x150.jpg 150w, https:\/\/fotokunsthof.de\/wp-content\/uploads\/2024\/08\/115DJI_0456-1-768x768.jpg 768w\" sizes=\"auto, (max-width: 300px) 100vw, 300px\" \/><\/a><\/figure>\n<\/div>\n\n\n<p class=\"has-text-align-center\">Ein Elch kommt vorbei und die letzten Sonnenstrahlen lugen um die Biegung des Flusses.<br>Der gro\u00dfe Stausee bei Jokkmokk zeigt sich mit tollen Spiegelungen des Himmels und der Wolken.<br>Und noch einmal beeindrucken mich die langen Schatten der B\u00e4ume auf dem Eis<\/p>\n\n\n\n<h2 class=\"wp-block-heading has-text-align-center\">Brechendes Eis<\/h2>\n\n\n<div class=\"wp-block-image\">\n<figure class=\"aligncenter size-medium\"><a href=\"https:\/\/fotokunsthof.de\/?page_id=648\"><img loading=\"lazy\" decoding=\"async\" width=\"300\" height=\"300\" src=\"https:\/\/fotokunsthof.de\/wp-content\/uploads\/2024\/08\/115DJI_0555-1-300x300.jpg\" alt=\"\" class=\"wp-image-652\" srcset=\"https:\/\/fotokunsthof.de\/wp-content\/uploads\/2024\/08\/115DJI_0555-1-300x300.jpg 300w, https:\/\/fotokunsthof.de\/wp-content\/uploads\/2024\/08\/115DJI_0555-1-1024x1024.jpg 1024w, https:\/\/fotokunsthof.de\/wp-content\/uploads\/2024\/08\/115DJI_0555-1-150x150.jpg 150w, https:\/\/fotokunsthof.de\/wp-content\/uploads\/2024\/08\/115DJI_0555-1-768x768.jpg 768w\" sizes=\"auto, (max-width: 300px) 100vw, 300px\" \/><\/a><\/figure>\n<\/div>\n\n\n<p class=\"has-text-align-center\">Das Eis muss langsam weichen.<\/p>\n\n\n\n<h2 class=\"wp-block-heading has-text-align-center\">Berge und Seen<\/h2>\n\n\n<div class=\"wp-block-image\">\n<figure class=\"aligncenter size-medium\"><a href=\"https:\/\/fotokunsthof.de\/?page_id=657\"><img loading=\"lazy\" decoding=\"async\" width=\"300\" height=\"300\" src=\"https:\/\/fotokunsthof.de\/wp-content\/uploads\/2024\/08\/115DJI_0347-300x300.jpg\" alt=\"\" class=\"wp-image-660\" srcset=\"https:\/\/fotokunsthof.de\/wp-content\/uploads\/2024\/08\/115DJI_0347-300x300.jpg 300w, https:\/\/fotokunsthof.de\/wp-content\/uploads\/2024\/08\/115DJI_0347-1024x1024.jpg 1024w, https:\/\/fotokunsthof.de\/wp-content\/uploads\/2024\/08\/115DJI_0347-150x150.jpg 150w, https:\/\/fotokunsthof.de\/wp-content\/uploads\/2024\/08\/115DJI_0347-768x768.jpg 768w\" sizes=\"auto, (max-width: 300px) 100vw, 300px\" \/><\/a><\/figure>\n<\/div>\n\n\n<p class=\"has-text-align-center\">Die bewegende Landschaft in Lappland, hier im Tal von Porjus nach Ritsem<\/p>\n\n\n\n<h2 class=\"wp-block-heading has-text-align-center\">Eiskaskade<\/h2>\n\n\n<div class=\"wp-block-image\">\n<figure class=\"aligncenter size-medium\"><a href=\"https:\/\/fotokunsthof.de\/?page_id=668\"><img loading=\"lazy\" decoding=\"async\" width=\"300\" height=\"300\" src=\"https:\/\/fotokunsthof.de\/wp-content\/uploads\/2024\/09\/115BIL_0977-300x300.jpg\" alt=\"\" class=\"wp-image-665\" srcset=\"https:\/\/fotokunsthof.de\/wp-content\/uploads\/2024\/09\/115BIL_0977-300x300.jpg 300w, https:\/\/fotokunsthof.de\/wp-content\/uploads\/2024\/09\/115BIL_0977-1024x1024.jpg 1024w, https:\/\/fotokunsthof.de\/wp-content\/uploads\/2024\/09\/115BIL_0977-150x150.jpg 150w, https:\/\/fotokunsthof.de\/wp-content\/uploads\/2024\/09\/115BIL_0977-768x768.jpg 768w\" sizes=\"auto, (max-width: 300px) 100vw, 300px\" \/><\/a><\/figure>\n<\/div>\n\n\n<p class=\"has-text-align-center\">An der Strasse nach Ritsem findet man viele solche Wasserf\u00e4lle.<\/p>\n\n\n\n<h2 class=\"wp-block-heading has-text-align-center\">Bizarre Felslandschaft<\/h2>\n\n\n<div class=\"wp-block-image\">\n<figure class=\"aligncenter size-medium\"><a href=\"https:\/\/fotokunsthof.de\/?page_id=672\"><img loading=\"lazy\" decoding=\"async\" width=\"300\" height=\"300\" src=\"https:\/\/fotokunsthof.de\/wp-content\/uploads\/2024\/09\/115BIL_1058-1-300x300.jpg\" alt=\"\" class=\"wp-image-675\" srcset=\"https:\/\/fotokunsthof.de\/wp-content\/uploads\/2024\/09\/115BIL_1058-1-300x300.jpg 300w, https:\/\/fotokunsthof.de\/wp-content\/uploads\/2024\/09\/115BIL_1058-1-1024x1024.jpg 1024w, https:\/\/fotokunsthof.de\/wp-content\/uploads\/2024\/09\/115BIL_1058-1-150x150.jpg 150w, https:\/\/fotokunsthof.de\/wp-content\/uploads\/2024\/09\/115BIL_1058-1-768x768.jpg 768w\" sizes=\"auto, (max-width: 300px) 100vw, 300px\" \/><\/a><\/figure>\n<\/div>\n\n\n<p class=\"has-text-align-center\">Das Tal von Porjus nach Ritsem bietet beindruckende Bilder.<\/p>\n\n\n\n<h2 class=\"wp-block-heading has-text-align-center\">Berge am Abend und am Morgen<\/h2>\n\n\n<div class=\"wp-block-image\">\n<figure class=\"aligncenter size-medium\"><a href=\"https:\/\/fotokunsthof.de\/?page_id=680\"><img loading=\"lazy\" decoding=\"async\" width=\"300\" height=\"300\" src=\"https:\/\/fotokunsthof.de\/wp-content\/uploads\/2024\/09\/115BIL_0894-300x300.jpg\" alt=\"\" class=\"wp-image-684\" srcset=\"https:\/\/fotokunsthof.de\/wp-content\/uploads\/2024\/09\/115BIL_0894-300x300.jpg 300w, https:\/\/fotokunsthof.de\/wp-content\/uploads\/2024\/09\/115BIL_0894-1024x1024.jpg 1024w, https:\/\/fotokunsthof.de\/wp-content\/uploads\/2024\/09\/115BIL_0894-150x150.jpg 150w, https:\/\/fotokunsthof.de\/wp-content\/uploads\/2024\/09\/115BIL_0894-768x768.jpg 768w\" sizes=\"auto, (max-width: 300px) 100vw, 300px\" \/><\/a><\/figure>\n<\/div>\n\n\n<p class=\"has-text-align-center\">Stimmungsbilder<br>Beeindruckende Berge in Schweden nahe der Grenze zur Norwegen.<\/p>\n\n\n\n<h2 class=\"wp-block-heading has-text-align-center\">Br\u00fccke<\/h2>\n\n\n<div class=\"wp-block-image\">\n<figure class=\"aligncenter size-medium\"><a href=\"https:\/\/fotokunsthof.de\/?page_id=688\"><img loading=\"lazy\" decoding=\"async\" width=\"300\" height=\"300\" src=\"https:\/\/fotokunsthof.de\/wp-content\/uploads\/2024\/09\/113BIL_8820-300x300.jpg\" alt=\"\" class=\"wp-image-690\" srcset=\"https:\/\/fotokunsthof.de\/wp-content\/uploads\/2024\/09\/113BIL_8820-300x300.jpg 300w, https:\/\/fotokunsthof.de\/wp-content\/uploads\/2024\/09\/113BIL_8820-1024x1024.jpg 1024w, https:\/\/fotokunsthof.de\/wp-content\/uploads\/2024\/09\/113BIL_8820-150x150.jpg 150w, https:\/\/fotokunsthof.de\/wp-content\/uploads\/2024\/09\/113BIL_8820-768x768.jpg 768w\" sizes=\"auto, (max-width: 300px) 100vw, 300px\" \/><\/a><\/figure>\n<\/div>\n\n\n<p class=\"has-text-align-center\">Vor ca 40 Jahren wurde diese Br\u00fccke bei Lappeasuando gebaut um Kiruna besser erreichbar zu machen.<br>Als ich diese Br\u00fccke Anfang M\u00e4rz das erste mal besuchte konnte man noch dr\u00fcber laufen. Dann kam nochmal 1 m Schnee obendrauf.<\/p>\n\n\n\n<h2 class=\"wp-block-heading has-text-align-center\">Wald und Wasser<\/h2>\n\n\n<div class=\"wp-block-image\">\n<figure class=\"aligncenter size-medium\"><a href=\"https:\/\/fotokunsthof.de\/?page_id=693\"><img loading=\"lazy\" decoding=\"async\" width=\"300\" height=\"300\" src=\"https:\/\/fotokunsthof.de\/wp-content\/uploads\/2024\/09\/115DJI_0160-300x300.jpg\" alt=\"\" class=\"wp-image-698\" srcset=\"https:\/\/fotokunsthof.de\/wp-content\/uploads\/2024\/09\/115DJI_0160-300x300.jpg 300w, https:\/\/fotokunsthof.de\/wp-content\/uploads\/2024\/09\/115DJI_0160-1024x1024.jpg 1024w, https:\/\/fotokunsthof.de\/wp-content\/uploads\/2024\/09\/115DJI_0160-150x150.jpg 150w, https:\/\/fotokunsthof.de\/wp-content\/uploads\/2024\/09\/115DJI_0160-768x768.jpg 768w\" sizes=\"auto, (max-width: 300px) 100vw, 300px\" \/><\/a><\/figure>\n<\/div>\n\n\n<p class=\"has-text-align-center\">Winter in der Taiga<\/p>\n\n\n\n<h2 class=\"wp-block-heading has-text-align-center\">Jockfall<\/h2>\n\n\n<div class=\"wp-block-image\">\n<figure class=\"aligncenter size-medium\"><a href=\"https:\/\/fotokunsthof.de\/?page_id=702\"><img loading=\"lazy\" decoding=\"async\" width=\"300\" height=\"300\" src=\"https:\/\/fotokunsthof.de\/wp-content\/uploads\/2024\/09\/115BIL_0320-300x300.jpg\" alt=\"\" class=\"wp-image-705\" srcset=\"https:\/\/fotokunsthof.de\/wp-content\/uploads\/2024\/09\/115BIL_0320-300x300.jpg 300w, https:\/\/fotokunsthof.de\/wp-content\/uploads\/2024\/09\/115BIL_0320-1024x1024.jpg 1024w, https:\/\/fotokunsthof.de\/wp-content\/uploads\/2024\/09\/115BIL_0320-150x150.jpg 150w, https:\/\/fotokunsthof.de\/wp-content\/uploads\/2024\/09\/115BIL_0320-768x768.jpg 768w\" sizes=\"auto, (max-width: 300px) 100vw, 300px\" \/><\/a><\/figure>\n<\/div>\n\n\n<p class=\"has-text-align-center\">Der Kalix, ein breiter Fluss, weist einen der sch\u00f6nsten Wasserf\u00e4lle in Lappland auf. Viele Besucher kommen hierher. Von der Br\u00fccke hat man einen sch\u00f6nen Blick auf die beeindruckende Kraft des Wassers. Auch eine Gruppe junger Franzosen hat diesen Blick zu sch\u00e4tzen gewu\u00dft.<\/p>\n\n\n\n<h2 class=\"wp-block-heading has-text-align-center\">Masugnsbyn<\/h2>\n\n\n<div class=\"wp-block-image\">\n<figure class=\"aligncenter size-medium\"><a href=\"https:\/\/fotokunsthof.de\/?page_id=708\"><img loading=\"lazy\" decoding=\"async\" width=\"300\" height=\"300\" src=\"https:\/\/fotokunsthof.de\/wp-content\/uploads\/2024\/09\/115BIL_0027-300x300.jpg\" alt=\"\" class=\"wp-image-710\" srcset=\"https:\/\/fotokunsthof.de\/wp-content\/uploads\/2024\/09\/115BIL_0027-300x300.jpg 300w, https:\/\/fotokunsthof.de\/wp-content\/uploads\/2024\/09\/115BIL_0027-1024x1024.jpg 1024w, https:\/\/fotokunsthof.de\/wp-content\/uploads\/2024\/09\/115BIL_0027-150x150.jpg 150w, https:\/\/fotokunsthof.de\/wp-content\/uploads\/2024\/09\/115BIL_0027-768x768.jpg 768w\" sizes=\"auto, (max-width: 300px) 100vw, 300px\" \/><\/a><\/figure>\n<\/div>\n\n\n<p class=\"has-text-align-center\">Eisenerzverh\u00fcttung im 17. Jahrhundert. Ein alter Hochofen mit Eisendeckel auf dem Kamin wartet auf Besucher. Einige weitere kleine Holzgeb\u00e4ude sind im Laufe der Jahrhunderte dazu gekommen.<\/p>\n\n\n\n<h2 class=\"wp-block-heading has-text-align-center\">Vittangi<\/h2>\n\n\n<div class=\"wp-block-image\">\n<figure class=\"aligncenter size-medium\"><a href=\"https:\/\/fotokunsthof.de\/?page_id=717\"><img loading=\"lazy\" decoding=\"async\" width=\"300\" height=\"300\" src=\"https:\/\/fotokunsthof.de\/wp-content\/uploads\/2024\/09\/115DJI_0007-300x300.jpg\" alt=\"\" class=\"wp-image-730\" srcset=\"https:\/\/fotokunsthof.de\/wp-content\/uploads\/2024\/09\/115DJI_0007-300x300.jpg 300w, https:\/\/fotokunsthof.de\/wp-content\/uploads\/2024\/09\/115DJI_0007-1024x1024.jpg 1024w, https:\/\/fotokunsthof.de\/wp-content\/uploads\/2024\/09\/115DJI_0007-150x150.jpg 150w, https:\/\/fotokunsthof.de\/wp-content\/uploads\/2024\/09\/115DJI_0007-768x768.jpg 768w\" sizes=\"auto, (max-width: 300px) 100vw, 300px\" \/><\/a><\/figure>\n<\/div>\n\n\n<p class=\"has-text-align-center\">Mitten in der Taiga, an der Stra\u00dfe nach Finnland, finde ich diese sch\u00f6ne Stelle.<br>Ein &#8222;Naturrastplatz&#8220; in der N\u00e4he von Kiruna an einem See gelegen, ein Treffpunkt f\u00fcr Angler. Angelsteg und H\u00fctten sind vorhanden, Feuerholz und Feuerstelle auch. Viele Motorschlitten hinterlassen ihre Spuren auf den verschneiten Seen am Rande des Torne\u00e4lven.<\/p>\n\n\n\n<h2 class=\"wp-block-heading has-text-align-center\">Jukkasj\u00e4rvi<\/h2>\n\n\n<div class=\"wp-block-image\">\n<figure class=\"aligncenter size-medium\"><a href=\"https:\/\/fotokunsthof.de\/?page_id=733\"><img loading=\"lazy\" decoding=\"async\" width=\"300\" height=\"300\" src=\"https:\/\/fotokunsthof.de\/wp-content\/uploads\/2024\/09\/113BIL_9468-300x300.jpg\" alt=\"\" class=\"wp-image-738\" srcset=\"https:\/\/fotokunsthof.de\/wp-content\/uploads\/2024\/09\/113BIL_9468-300x300.jpg 300w, https:\/\/fotokunsthof.de\/wp-content\/uploads\/2024\/09\/113BIL_9468-1024x1024.jpg 1024w, https:\/\/fotokunsthof.de\/wp-content\/uploads\/2024\/09\/113BIL_9468-150x150.jpg 150w, https:\/\/fotokunsthof.de\/wp-content\/uploads\/2024\/09\/113BIL_9468-768x768.jpg 768w\" sizes=\"auto, (max-width: 300px) 100vw, 300px\" \/><\/a><\/figure>\n<\/div>\n\n\n<p class=\"has-text-align-center\">Eine alte Kirche und ein Freilichtmuseum f\u00fcr Samikultur finden sich in Jukkasj\u00e4rvi, das in der N\u00e4he von Kiruna am zugefrorenen Torne\u00e4lven liegt.<\/p>\n\n\n\n<p class=\"has-text-align-center\">Hier habe ich ein Ehepaar aus Sibirien getroffen, dass jetzt in der Mitte von Deutschland lebt.<br>&#8222;Dies ist f\u00fcr uns ein Flashback&#8220;, betonten beide mehrmals, &#8222;hier sieht es aus wie in Sibirien&#8220;. Sie waren von der gro\u00dfartigen Landschaft begeistert.<br>Auf einer in der N\u00e4he gelegen Rentierfarm werden Besucher von Rentieren oder umgekehrt unterhalten. Eine Samifrau auf einem Schneemobil hat mir ein Winken geschenkt. Das Foto habe ich ihr gemailt.<\/p>\n\n\n\n<h2 class=\"wp-block-heading has-text-align-center\">Von Arvidsjaur nach Kiruna<\/h2>\n\n\n<div class=\"wp-block-image\">\n<figure class=\"aligncenter size-medium\"><a href=\"https:\/\/fotokunsthof.de\/?page_id=742\"><img loading=\"lazy\" decoding=\"async\" width=\"300\" height=\"300\" src=\"https:\/\/fotokunsthof.de\/wp-content\/uploads\/2024\/09\/113BIL_8914-300x300.jpg\" alt=\"\" class=\"wp-image-746\" srcset=\"https:\/\/fotokunsthof.de\/wp-content\/uploads\/2024\/09\/113BIL_8914-300x300.jpg 300w, https:\/\/fotokunsthof.de\/wp-content\/uploads\/2024\/09\/113BIL_8914-1024x1024.jpg 1024w, https:\/\/fotokunsthof.de\/wp-content\/uploads\/2024\/09\/113BIL_8914-150x150.jpg 150w, https:\/\/fotokunsthof.de\/wp-content\/uploads\/2024\/09\/113BIL_8914-768x768.jpg 768w\" sizes=\"auto, (max-width: 300px) 100vw, 300px\" \/><\/a><\/figure>\n<\/div>\n\n\n<p class=\"has-text-align-center\">Einige Tage habe ich mich in der N\u00e4he von Nikkalauokta aufgehalten, dem Hauptort f\u00fcr Touren in das Gebiet des Kebnekaise, dem h\u00f6chsten Berg Schwedens an der Grenze zu Norwegen. Ich hatte Gl\u00fcck und ein klarer Morgen mit Sonnenlicht war auch dabei. F\u00fcr mich immer wieder beeindruckend ist die Pr\u00e4gung der Landschaft, die durch die sch\u00fcttere Taiga und den Schnee sichtbar wird<\/p>\n\n\n\n<p><\/p>\n\n\n\n<h2 class=\"wp-block-heading has-text-align-center\">Vindel\u00e4lvental<\/h2>\n\n\n<div class=\"wp-block-image\">\n<figure class=\"aligncenter size-medium\"><a href=\"https:\/\/fotokunsthof.de\/?page_id=772\"><img loading=\"lazy\" decoding=\"async\" width=\"300\" height=\"300\" src=\"https:\/\/fotokunsthof.de\/wp-content\/uploads\/2024\/09\/113BIL_8518-300x300.jpg\" alt=\"\" class=\"wp-image-776\" srcset=\"https:\/\/fotokunsthof.de\/wp-content\/uploads\/2024\/09\/113BIL_8518-300x300.jpg 300w, https:\/\/fotokunsthof.de\/wp-content\/uploads\/2024\/09\/113BIL_8518-1024x1024.jpg 1024w, https:\/\/fotokunsthof.de\/wp-content\/uploads\/2024\/09\/113BIL_8518-150x150.jpg 150w, https:\/\/fotokunsthof.de\/wp-content\/uploads\/2024\/09\/113BIL_8518-768x768.jpg 768w\" sizes=\"auto, (max-width: 300px) 100vw, 300px\" \/><\/a><\/figure>\n<\/div>\n\n\n<p class=\"has-text-align-center\">Zu Besuch in dem besonders sch\u00f6nen Tal des Vindel\u00e4lven, ein Flu\u00df, der von der norwegischen Grenze durch S\u00fcdlappland nach S\u00fcdosten zum n\u00f6rdlichen Teil des bottnischnen Meerbusen reicht.<\/p>\n\n\n\n<h2 class=\"wp-block-heading has-text-align-center\">Polarlicht<\/h2>\n\n\n<div class=\"wp-block-image\">\n<figure class=\"aligncenter size-medium\"><a href=\"https:\/\/fotokunsthof.de\/?page_id=748\"><img loading=\"lazy\" decoding=\"async\" width=\"300\" height=\"300\" src=\"https:\/\/fotokunsthof.de\/wp-content\/uploads\/2024\/09\/113DSC_5341-300x300.jpg\" alt=\"\" class=\"wp-image-756\" srcset=\"https:\/\/fotokunsthof.de\/wp-content\/uploads\/2024\/09\/113DSC_5341-300x300.jpg 300w, https:\/\/fotokunsthof.de\/wp-content\/uploads\/2024\/09\/113DSC_5341-1024x1024.jpg 1024w, https:\/\/fotokunsthof.de\/wp-content\/uploads\/2024\/09\/113DSC_5341-150x150.jpg 150w, https:\/\/fotokunsthof.de\/wp-content\/uploads\/2024\/09\/113DSC_5341-768x768.jpg 768w\" sizes=\"auto, (max-width: 300px) 100vw, 300px\" \/><\/a><\/figure>\n<\/div>\n\n\n<p class=\"has-text-align-center\">Ein pr\u00e4chtiger Polarlichtbogen spannte sich vom Westen des Horizontes zum Osten und senkrecht \u00fcber mir. Auch die 14 mm Brennweite der Kamera konnten diesen Bogen nicht vollst\u00e4ndig erfassen.<\/p>\n\n\n\n<h2 class=\"wp-block-heading has-text-align-center\">Sorsele<\/h2>\n\n\n<div class=\"wp-block-image\">\n<figure class=\"aligncenter size-medium\"><a href=\"https:\/\/fotokunsthof.de\/?page_id=750\"><img loading=\"lazy\" decoding=\"async\" width=\"300\" height=\"300\" src=\"https:\/\/fotokunsthof.de\/wp-content\/uploads\/2024\/09\/113BIL_7612-300x300.jpg\" alt=\"\" class=\"wp-image-760\" srcset=\"https:\/\/fotokunsthof.de\/wp-content\/uploads\/2024\/09\/113BIL_7612-300x300.jpg 300w, https:\/\/fotokunsthof.de\/wp-content\/uploads\/2024\/09\/113BIL_7612-1024x1024.jpg 1024w, https:\/\/fotokunsthof.de\/wp-content\/uploads\/2024\/09\/113BIL_7612-150x150.jpg 150w, https:\/\/fotokunsthof.de\/wp-content\/uploads\/2024\/09\/113BIL_7612-768x768.jpg 768w\" sizes=\"auto, (max-width: 300px) 100vw, 300px\" \/><\/a><\/figure>\n<\/div>\n\n\n<p class=\"has-text-align-center\">Bilder aus der Umgebung von Sorsele und dem Skigebiet Nalovardo<\/p>\n\n\n\n<h2 class=\"wp-block-heading has-text-align-center\" id=\"hinfahrt\">Hinfahrt<\/h2>\n\n\n<div class=\"wp-block-image\">\n<figure class=\"aligncenter size-medium\"><a href=\"https:\/\/fotokunsthof.de\/?page_id=752\"><img loading=\"lazy\" decoding=\"async\" width=\"300\" height=\"300\" src=\"https:\/\/fotokunsthof.de\/wp-content\/uploads\/2024\/09\/113BIL_7548-300x300.jpg\" alt=\"\" class=\"wp-image-762\" srcset=\"https:\/\/fotokunsthof.de\/wp-content\/uploads\/2024\/09\/113BIL_7548-300x300.jpg 300w, https:\/\/fotokunsthof.de\/wp-content\/uploads\/2024\/09\/113BIL_7548-1024x1024.jpg 1024w, https:\/\/fotokunsthof.de\/wp-content\/uploads\/2024\/09\/113BIL_7548-150x150.jpg 150w, https:\/\/fotokunsthof.de\/wp-content\/uploads\/2024\/09\/113BIL_7548-768x768.jpg 768w\" sizes=\"auto, (max-width: 300px) 100vw, 300px\" \/><\/a><\/figure>\n<\/div>\n\n\n<p class=\"has-text-align-center\">Lichtstimmung in der N\u00e4he von Str\u00f6msund<\/p>\n\n\n\n<h3 class=\"wp-block-heading has-text-align-center\" id=\"oberfranken-lappland\">Oberfranken Lappland<\/h3>\n\n\n<div class=\"wp-block-image\">\n<figure class=\"aligncenter size-medium\"><a href=\"https:\/\/fotokunsthof.de\/?page_id=754\"><img loading=\"lazy\" decoding=\"async\" width=\"300\" height=\"300\" src=\"https:\/\/fotokunsthof.de\/wp-content\/uploads\/2024\/09\/114DJI_0092-300x300.jpg\" alt=\"\" class=\"wp-image-770\" srcset=\"https:\/\/fotokunsthof.de\/wp-content\/uploads\/2024\/09\/114DJI_0092-300x300.jpg 300w, https:\/\/fotokunsthof.de\/wp-content\/uploads\/2024\/09\/114DJI_0092-1024x1024.jpg 1024w, https:\/\/fotokunsthof.de\/wp-content\/uploads\/2024\/09\/114DJI_0092-150x150.jpg 150w, https:\/\/fotokunsthof.de\/wp-content\/uploads\/2024\/09\/114DJI_0092-768x768.jpg 768w\" sizes=\"auto, (max-width: 300px) 100vw, 300px\" \/><\/a><figcaption class=\"wp-element-caption\">D\u00f6brabach im Schnee<\/figcaption><\/figure>\n<\/div>\n\n\n<p class=\"has-text-align-center has-medium-font-size\"><strong>Pl\u00e4tze<\/strong><\/p>\n\n\n<div class=\"wp-block-image\">\n<figure class=\"aligncenter size-medium\"><a href=\"https:\/\/fotokunsthof.de\/?page_id=786\"><img loading=\"lazy\" decoding=\"async\" width=\"300\" height=\"300\" src=\"https:\/\/fotokunsthof.de\/wp-content\/uploads\/2024\/09\/113BIL_8940-300x300.jpg\" alt=\"\" class=\"wp-image-790\" srcset=\"https:\/\/fotokunsthof.de\/wp-content\/uploads\/2024\/09\/113BIL_8940-300x300.jpg 300w, https:\/\/fotokunsthof.de\/wp-content\/uploads\/2024\/09\/113BIL_8940-1024x1024.jpg 1024w, https:\/\/fotokunsthof.de\/wp-content\/uploads\/2024\/09\/113BIL_8940-150x150.jpg 150w, https:\/\/fotokunsthof.de\/wp-content\/uploads\/2024\/09\/113BIL_8940-768x768.jpg 768w\" sizes=\"auto, (max-width: 300px) 100vw, 300px\" \/><\/a><\/figure>\n<\/div>\n\n\n<p class=\"has-text-align-center\">Pl\u00e4tze<\/p>\n\n\n\n<p class=\"has-text-align-center has-medium-font-size\"><strong>Menschen<\/strong><\/p>\n\n\n<div class=\"wp-block-image\">\n<figure class=\"aligncenter size-medium\"><a href=\"https:\/\/fotokunsthof.de\/?page_id=793\"><img loading=\"lazy\" decoding=\"async\" width=\"300\" height=\"300\" src=\"https:\/\/fotokunsthof.de\/wp-content\/uploads\/2024\/09\/113BIL_9782-300x300.jpg\" alt=\"\" class=\"wp-image-796\" srcset=\"https:\/\/fotokunsthof.de\/wp-content\/uploads\/2024\/09\/113BIL_9782-300x300.jpg 300w, https:\/\/fotokunsthof.de\/wp-content\/uploads\/2024\/09\/113BIL_9782-1024x1024.jpg 1024w, https:\/\/fotokunsthof.de\/wp-content\/uploads\/2024\/09\/113BIL_9782-150x150.jpg 150w, https:\/\/fotokunsthof.de\/wp-content\/uploads\/2024\/09\/113BIL_9782-768x768.jpg 768w\" sizes=\"auto, (max-width: 300px) 100vw, 300px\" \/><\/a><\/figure>\n<\/div>","protected":false},"excerpt":{"rendered":"<p>Lappland 2022 Nachschlag Sommerh\u00e4uschen eines ElchfreundesLetzter Blick auf Lappland Fernsicht \u00fcber Lappland ein hoher Berg in der N\u00e4he von Arvidsjaur (Akkanalke) bietet eine gro\u00dfartige Sicht \u00fcber Lappland Sami Dorf Das Samidorf in Ammarn\u00e4s mit dem Potatisbacken (Kartoffelberg), auf dessen S\u00fcdseite winterharte Kartoffeln angebaut werden. Abendstimmung am See Ein Elch kommt vorbei und die letzten Sonnenstrahlen [&hellip;]<\/p>\n","protected":false},"author":1,"featured_media":0,"parent":0,"menu_order":0,"comment_status":"closed","ping_status":"closed","template":"","meta":{"footnotes":""},"class_list":["post-433","page","type-page","status-publish","hentry"],"_links":{"self":[{"href":"https:\/\/fotokunsthof.de\/index.php?rest_route=\/wp\/v2\/pages\/433","targetHints":{"allow":["GET"]}}],"collection":[{"href":"https:\/\/fotokunsthof.de\/index.php?rest_route=\/wp\/v2\/pages"}],"about":[{"href":"https:\/\/fotokunsthof.de\/index.php?rest_route=\/wp\/v2\/types\/page"}],"author":[{"embeddable":true,"href":"https:\/\/fotokunsthof.de\/index.php?rest_route=\/wp\/v2\/users\/1"}],"replies":[{"embeddable":true,"href":"https:\/\/fotokunsthof.de\/index.php?rest_route=%2Fwp%2Fv2%2Fcomments&post=433"}],"version-history":[{"count":79,"href":"https:\/\/fotokunsthof.de\/index.php?rest_route=\/wp\/v2\/pages\/433\/revisions"}],"predecessor-version":[{"id":797,"href":"https:\/\/fotokunsthof.de\/index.php?rest_route=\/wp\/v2\/pages\/433\/revisions\/797"}],"wp:attachment":[{"href":"https:\/\/fotokunsthof.de\/index.php?rest_route=%2Fwp%2Fv2%2Fmedia&parent=433"}],"curies":[{"name":"wp","href":"https:\/\/api.w.org\/{rel}","templated":true}]}}